{"id":1558,"date":"2023-08-03T13:14:44","date_gmt":"2023-08-03T11:14:44","guid":{"rendered":"https:\/\/zonynieidealne.pl\/?post_type=product&#038;p=1558"},"modified":"2024-08-12T12:14:12","modified_gmt":"2024-08-12T10:14:12","slug":"madlen-kobieta","status":"publish","type":"product","link":"https:\/\/zonynieidealne.pl\/en\/product\/madlen-kobieta\/","title":{"rendered":"Madlen &#8211; Kobieta"},"content":{"rendered":"<h6 style=\"text-align: center;\"><\/h6>\n<h1 style=\"text-align: center;\"><span style=\"font-weight: 400;\">P\u0142yta Madlen \u2013 Kobieta<\/span><\/h1>\n<p style=\"text-align: center;\"><span style=\"font-weight: 400;\"> jest zbiorem wszystkich moich do\u015bwiadcze\u0144, uczu\u0107 i waha\u0144, kt\u00f3re <\/span><span style=\"font-weight: 400;\">prze\u017cy\u0142a Artystka. <\/span><\/p>\n<p style=\"text-align: center;\"><span style=\"font-weight: 400;\">Przedstawia nie tylko jej dotychczasowe \u017cycie, ale r\u00f3wnie\u017c wa\u017cny etap, w kt\u00f3rym zrozumia\u0142a kim jest jako kobieta, jakie pok\u0142ady mi\u0142o\u015bci w niej drzemi\u0105 i co tak naprawd\u0119 czuje.<\/span><\/p>\n<p style=\"text-align: center;\"><span style=\"font-weight: 400;\">Utwory zosta\u0142y nagrane w studio VundMRecords w Lennenstadt w Niemczech.<\/span><\/p>\n<p style=\"text-align: center;\"><span style=\"font-weight: 400;\">W nagraniach instrument\u00f3w udzia\u0142 wzi\u0119li nie tylko polscy, ale r\u00f3wnie\u017c niemieccy instrumentali\u015bci.<\/span><\/p>\n<p style=\"text-align: center;\"><span style=\"font-weight: 400;\">Teksty piosenek s\u0105 autorstwem Madlen.<\/span><\/p>\n<p style=\"text-align: center;\"><span style=\"font-weight: 400;\">Pracowa\u0142a nad ni\u0105 prawie 5 lat. Wi\u0119c jest jej wymarzonym dzieckiem.<\/span><\/p>\n<p style=\"text-align: center;\"><span style=\"font-weight: 400;\">Album\u00a0 nagrany jest w stylu lat 90-tych: ciep\u0142o, analogowo, bez zb\u0119dnych udziwnie\u0144 i ozdobnik\u00f3w. Takie brzmienia najbardziej kocha sama Madlen.\u00a0<\/span><\/p>\n<h6 style=\"text-align: center;\"><\/h6>","protected":false},"excerpt":{"rendered":"<p>P\u0142yta Madlen \u2013 Kobieta jest zbiorem wszystkich moich do\u015bwiadcze\u0144, uczu\u0107 i waha\u0144, kt\u00f3re prze\u017cy\u0142a Artystka. Przedstawia nie tylko jej dotychczasowe \u017cycie, ale r\u00f3wnie\u017c wa\u017cny etap, w kt\u00f3rym zrozumia\u0142a kim jest jako kobieta, jakie pok\u0142ady mi\u0142o\u015bci w niej drzemi\u0105 i co tak naprawd\u0119 czuje. Utwory zosta\u0142y nagrane w studio VundMRecords w Lennenstadt w Niemczech. W nagraniach [&hellip;]<\/p>\n","protected":false},"featured_media":1573,"comment_status":"open","ping_status":"closed","template":"","meta":{"_crdt_document":"","_uag_custom_page_level_css":"","site-sidebar-layout":"default","site-content-layout":"default","ast-site-content-layout":"default","site-content-style":"default","site-sidebar-style":"default","ast-global-header-display":"","ast-banner-title-visibility":"","ast-main-header-display":"","ast-hfb-above-header-display":"","ast-hfb-below-header-display":"","ast-hfb-mobile-header-display":"","site-post-title":"","ast-breadcrumbs-content":"","ast-featured-img":"","footer-sml-layout":"","theme-transparent-header-meta":"default","adv-header-id-meta":"","stick-header-meta":"","header-above-stick-meta":"","header-main-stick-meta":"","header-below-stick-meta":"","astra-migrate-meta-layouts":"default","ast-page-background-enabled":"default","ast-page-background-meta":{"desktop":{"background-color":"","background-image":"","background-repeat":"repeat","background-position":"center center","background-size":"auto","background-attachment":"scroll","background-type":"","background-media":"","overlay-type":"","overlay-color":"","overlay-opacity":"","overlay-gradient":""},"tablet":{"background-color":"","background-image":"","background-repeat":"repeat","background-position":"center center","background-size":"auto","background-attachment":"scroll","background-type":"","background-media":"","overlay-type":"","overlay-color":"","overlay-opacity":"","overlay-gradient":""},"mobile":{"background-color":"","background-image":"","background-repeat":"repeat","background-position":"center center","background-size":"auto","background-attachment":"scroll","background-type":"","background-media":"","overlay-type":"","overlay-color":"","overlay-opacity":"","overlay-gradient":""}},"ast-content-background-meta":{"desktop":{"background-color":"var(--ast-global-color-5)","background-image":"","background-repeat":"repeat","background-position":"center center","background-size":"auto","background-attachment":"scroll","background-type":"","background-media":"","overlay-type":"","overlay-color":"","overlay-opacity":"","overlay-gradient":""},"tablet":{"background-color":"var(--ast-global-color-5)","background-image":"","background-repeat":"repeat","background-position":"center center","background-size":"auto","background-attachment":"scroll","background-type":"","background-media":"","overlay-type":"","overlay-color":"","overlay-opacity":"","overlay-gradient":""},"mobile":{"background-color":"var(--ast-global-color-5)","background-image":"","background-repeat":"repeat","background-position":"center center","background-size":"auto","background-attachment":"scroll","background-type":"","background-media":"","overlay-type":"","overlay-color":"","overlay-opacity":"","overlay-gradient":""}}},"product_brand":[],"product_cat":[27],"product_tag":[],"class_list":{"0":"post-1558","1":"product","2":"type-product","3":"status-publish","4":"has-post-thumbnail","6":"product_cat-plyta","7":"desktop-align-center","8":"tablet-align-center","9":"mobile-align-center","11":"first","12":"instock","13":"taxable","14":"shipping-taxable","15":"purchasable","16":"product-type-simple"},"pbg_featured_image_src":{"full":["https:\/\/zonynieidealne.pl\/wp-content\/uploads\/2023\/08\/MADLEN-KOBIETA-Okladka-albumu-1-scaled.jpg",2560,2560,false],"thumbnail":["https:\/\/zonynieidealne.pl\/wp-content\/uploads\/2023\/08\/MADLEN-KOBIETA-Okladka-albumu-1-150x150.jpg",150,150,true],"medium":["https:\/\/zonynieidealne.pl\/wp-content\/uploads\/2023\/08\/MADLEN-KOBIETA-Okladka-albumu-1-300x300.jpg",300,300,true],"medium_large":["https:\/\/zonynieidealne.pl\/wp-content\/uploads\/2023\/08\/MADLEN-KOBIETA-Okladka-albumu-1-768x768.jpg",768,768,true],"large":["https:\/\/zonynieidealne.pl\/wp-content\/uploads\/2023\/08\/MADLEN-KOBIETA-Okladka-albumu-1-1024x1024.jpg",1024,1024,true],"rpg_gallery_admin_thumb":["https:\/\/zonynieidealne.pl\/wp-content\/uploads\/2023\/08\/MADLEN-KOBIETA-Okladka-albumu-1-150x150.jpg",150,150,true],"rpg_gallery_thumb":["https:\/\/zonynieidealne.pl\/wp-content\/uploads\/2023\/08\/MADLEN-KOBIETA-Okladka-albumu-1-150x150.jpg",150,150,true],"1536x1536":["https:\/\/zonynieidealne.pl\/wp-content\/uploads\/2023\/08\/MADLEN-KOBIETA-Okladka-albumu-1-1536x1536.jpg",1536,1536,true],"2048x2048":["https:\/\/zonynieidealne.pl\/wp-content\/uploads\/2023\/08\/MADLEN-KOBIETA-Okladka-albumu-1-2048x2048.jpg",2048,2048,true],"trp-custom-language-flag":["https:\/\/zonynieidealne.pl\/wp-content\/uploads\/2023\/08\/MADLEN-KOBIETA-Okladka-albumu-1-scaled.jpg",12,12,false],"woocommerce_thumbnail":["https:\/\/zonynieidealne.pl\/wp-content\/uploads\/2023\/08\/MADLEN-KOBIETA-Okladka-albumu-1-300x300.jpg",300,300,true],"woocommerce_single":["https:\/\/zonynieidealne.pl\/wp-content\/uploads\/2023\/08\/MADLEN-KOBIETA-Okladka-albumu-1-600x600.jpg",600,600,true],"woocommerce_gallery_thumbnail":["https:\/\/zonynieidealne.pl\/wp-content\/uploads\/2023\/08\/MADLEN-KOBIETA-Okladka-albumu-1-100x100.jpg",100,100,true]},"pbg_author_info":{"display_name":"Milion87","author_link":"https:\/\/zonynieidealne.pl\/en\/author\/","author_img":"<img alt='Milion87' src='https:\/\/secure.gravatar.com\/avatar\/ed826da2ffa0bc2a28b4d75c84114688278e9d684f4f6bb6cac57c17f7d225dc?s=128&#038;d=mm&#038;r=g' srcset='https:\/\/secure.gravatar.com\/avatar\/ed826da2ffa0bc2a28b4d75c84114688278e9d684f4f6bb6cac57c17f7d225dc?s=256&#038;d=mm&#038;r=g 2x' class='avatar avatar-128 photo' height='128' width='128' decoding='async'\/>"},"pbg_comment_info":" No Comments","pbg_excerpt":"P\u0142yta Madlen \u2013 Kobieta jest zbiorem wszystkich moich do\u015bwiadcze\u0144, uczu\u0107 i waha\u0144, kt\u00f3re prze\u017cy\u0142a Artystka. Przedstawia nie tylko jej dotychczasowe \u017cycie, ale r\u00f3wnie\u017c wa\u017cny etap, w kt\u00f3rym zrozumia\u0142a kim jest jako kobieta, jakie pok\u0142ady mi\u0142o\u015bci w niej drzemi\u0105 i co tak naprawd\u0119 czuje. Utwory zosta\u0142y nagrane w studio VundMRecords w Lennenstadt w Niemczech. W nagraniach&hellip;","uagb_featured_image_src":{"full":["https:\/\/zonynieidealne.pl\/wp-content\/uploads\/2023\/08\/MADLEN-KOBIETA-Okladka-albumu-1-scaled.jpg",2560,2560,false],"thumbnail":["https:\/\/zonynieidealne.pl\/wp-content\/uploads\/2023\/08\/MADLEN-KOBIETA-Okladka-albumu-1-150x150.jpg",150,150,true],"medium":["https:\/\/zonynieidealne.pl\/wp-content\/uploads\/2023\/08\/MADLEN-KOBIETA-Okladka-albumu-1-300x300.jpg",300,300,true],"medium_large":["https:\/\/zonynieidealne.pl\/wp-content\/uploads\/2023\/08\/MADLEN-KOBIETA-Okladka-albumu-1-768x768.jpg",768,768,true],"large":["https:\/\/zonynieidealne.pl\/wp-content\/uploads\/2023\/08\/MADLEN-KOBIETA-Okladka-albumu-1-1024x1024.jpg",1024,1024,true],"rpg_gallery_admin_thumb":["https:\/\/zonynieidealne.pl\/wp-content\/uploads\/2023\/08\/MADLEN-KOBIETA-Okladka-albumu-1-150x150.jpg",150,150,true],"rpg_gallery_thumb":["https:\/\/zonynieidealne.pl\/wp-content\/uploads\/2023\/08\/MADLEN-KOBIETA-Okladka-albumu-1-150x150.jpg",150,150,true],"1536x1536":["https:\/\/zonynieidealne.pl\/wp-content\/uploads\/2023\/08\/MADLEN-KOBIETA-Okladka-albumu-1-1536x1536.jpg",1536,1536,true],"2048x2048":["https:\/\/zonynieidealne.pl\/wp-content\/uploads\/2023\/08\/MADLEN-KOBIETA-Okladka-albumu-1-2048x2048.jpg",2048,2048,true],"trp-custom-language-flag":["https:\/\/zonynieidealne.pl\/wp-content\/uploads\/2023\/08\/MADLEN-KOBIETA-Okladka-albumu-1-scaled.jpg",12,12,false],"woocommerce_thumbnail":["https:\/\/zonynieidealne.pl\/wp-content\/uploads\/2023\/08\/MADLEN-KOBIETA-Okladka-albumu-1-300x300.jpg",300,300,true],"woocommerce_single":["https:\/\/zonynieidealne.pl\/wp-content\/uploads\/2023\/08\/MADLEN-KOBIETA-Okladka-albumu-1-600x600.jpg",600,600,true],"woocommerce_gallery_thumbnail":["https:\/\/zonynieidealne.pl\/wp-content\/uploads\/2023\/08\/MADLEN-KOBIETA-Okladka-albumu-1-100x100.jpg",100,100,true]},"uagb_author_info":{"display_name":"Milion87","author_link":"https:\/\/zonynieidealne.pl\/en\/author\/"},"uagb_comment_info":0,"uagb_excerpt":"P\u0142yta Madlen \u2013 Kobieta jest zbiorem wszystkich moich do\u015bwiadcze\u0144, uczu\u0107 i waha\u0144, kt\u00f3re prze\u017cy\u0142a Artystka. Przedstawia nie tylko jej dotychczasowe \u017cycie, ale r\u00f3wnie\u017c wa\u017cny etap, w kt\u00f3rym zrozumia\u0142a kim jest jako kobieta, jakie pok\u0142ady mi\u0142o\u015bci w niej drzemi\u0105 i co tak naprawd\u0119 czuje. Utwory zosta\u0142y nagrane w studio VundMRecords w Lennenstadt w Niemczech. W nagraniach&hellip;","jetpack_sharing_enabled":true,"_links":{"self":[{"href":"https:\/\/zonynieidealne.pl\/en\/wp-json\/wp\/v2\/product\/1558","targetHints":{"allow":["GET"]}}],"collection":[{"href":"https:\/\/zonynieidealne.pl\/en\/wp-json\/wp\/v2\/product"}],"about":[{"href":"https:\/\/zonynieidealne.pl\/en\/wp-json\/wp\/v2\/types\/product"}],"replies":[{"embeddable":true,"href":"https:\/\/zonynieidealne.pl\/en\/wp-json\/wp\/v2\/comments?post=1558"}],"wp:featuredmedia":[{"embeddable":true,"href":"https:\/\/zonynieidealne.pl\/en\/wp-json\/wp\/v2\/media\/1573"}],"wp:attachment":[{"href":"https:\/\/zonynieidealne.pl\/en\/wp-json\/wp\/v2\/media?parent=1558"}],"wp:term":[{"taxonomy":"product_brand","embeddable":true,"href":"https:\/\/zonynieidealne.pl\/en\/wp-json\/wp\/v2\/product_brand?post=1558"},{"taxonomy":"product_cat","embeddable":true,"href":"https:\/\/zonynieidealne.pl\/en\/wp-json\/wp\/v2\/product_cat?post=1558"},{"taxonomy":"product_tag","embeddable":true,"href":"https:\/\/zonynieidealne.pl\/en\/wp-json\/wp\/v2\/product_tag?post=1558"}],"curies":[{"name":"wp","href":"https:\/\/api.w.org\/{rel}","templated":true}]}}