{"id":1555,"date":"2023-08-03T13:13:07","date_gmt":"2023-08-03T11:13:07","guid":{"rendered":"https:\/\/zonynieidealne.pl\/?post_type=product&#038;p=1555"},"modified":"2024-10-13T00:01:25","modified_gmt":"2024-10-12T22:01:25","slug":"zonynieidealne-ksiazka","status":"publish","type":"product","link":"https:\/\/zonynieidealne.pl\/en\/product\/zonynieidealne-ksiazka\/","title":{"rendered":"\u017bony (nie)idealne Ksi\u0105\u017cka"},"content":{"rendered":"<h1 style=\"text-align: center;\"><em><span style=\"font-weight: 400;\">Nie warto walczy\u0107 z mi\u0142o\u015bci\u0105, walczy\u0107 trzeba o mi\u0142o\u015b\u0107!<\/span><\/em><\/h1>\n<p style=\"text-align: center;\"><span style=\"font-weight: 400;\">\u00a0<\/span><\/p>\n<p style=\"text-align: center;\"><em><span style=\"font-weight: 400;\"><strong>Dwie dziewczyny<\/strong> biegn\u0105 przez korytarz gimnazjum, trzymaj\u0105c si\u0119 za r\u0119ce. Z czu\u0142o\u015bci\u0105 dotykaj\u0105 swoich d\u0142oni, <strong>ciep\u0142o<\/strong> u\u015bmiechaj\u0105 si\u0119 do siebie. <strong>Przyjaci\u00f3\u0142ki?<\/strong> A mo\u017ce to pocz\u0105tek mi\u0142o\u015bci, tylko \u017cadna z nich jeszcze nie zdaje sobie z tego sprawy? Obie wiedz\u0105 natomiast, \u017ce jest w tej ich niezwykle<strong> bliskiej relacji<\/strong> co\u015b niew\u0142a\u015bciwego, zakazanego, co\u015b, co lepiej ukrywa\u0107 przed \u015bwiatem\u2026<\/span><\/em><\/p>\n<p style=\"text-align: center;\"><em><span style=\"font-weight: 400;\">Dwadzie\u015bcia lat trwa\u0142a droga <strong>Magdy i Kasi<\/strong> do akceptacji swoich uczu\u0107 i przyznania si\u0119 do nich przed sob\u0105, przed znajomymi, a wreszcie przed konserwatywnymi rodzinami z ma\u0142ych miejscowo\u015bci na zachodzi <strong>Polski.<\/strong> Ich poruszaj\u0105ca historia udowadnia, \u017ce nie warto milcze\u0107 i z zaci\u015bni\u0119tymi z\u0119bami spe\u0142nia\u0107 oczekiwa\u0144 innych. Bo milczenie zabija od \u015brodka. Je\u017celi nie zatrzymasz si\u0119 na chwil\u0119 i nie pos\u0142uchasz siebie, to mimo najszczerszych ch\u0119ci nigdy nie osi\u0105gniesz tego, o czym marzysz.\u00a0<\/span><\/em><\/p>","protected":false},"excerpt":{"rendered":"<p>Nie warto walczy\u0107 z mi\u0142o\u015bci\u0105, walczy\u0107 trzeba o mi\u0142o\u015b\u0107! \u00a0 Dwie dziewczyny biegn\u0105 przez korytarz gimnazjum, trzymaj\u0105c si\u0119 za r\u0119ce. Z czu\u0142o\u015bci\u0105 dotykaj\u0105 swoich d\u0142oni, ciep\u0142o u\u015bmiechaj\u0105 si\u0119 do siebie. Przyjaci\u00f3\u0142ki? A mo\u017ce to pocz\u0105tek mi\u0142o\u015bci, tylko \u017cadna z nich jeszcze nie zdaje sobie z tego sprawy? Obie wiedz\u0105 natomiast, \u017ce jest w tej ich [&hellip;]<\/p>\n","protected":false},"featured_media":1584,"comment_status":"open","ping_status":"closed","template":"","meta":{"_crdt_document":"","_uag_custom_page_level_css":"","site-sidebar-layout":"default","site-content-layout":"default","ast-site-content-layout":"default","site-content-style":"default","site-sidebar-style":"default","ast-global-header-display":"","ast-banner-title-visibility":"","ast-main-header-display":"","ast-hfb-above-header-display":"","ast-hfb-below-header-display":"","ast-hfb-mobile-header-display":"","site-post-title":"","ast-breadcrumbs-content":"","ast-featured-img":"","footer-sml-layout":"","theme-transparent-header-meta":"default","adv-header-id-meta":"","stick-header-meta":"","header-above-stick-meta":"","header-main-stick-meta":"","header-below-stick-meta":"","astra-migrate-meta-layouts":"default","ast-page-background-enabled":"default","ast-page-background-meta":{"desktop":{"background-color":"","background-image":"","background-repeat":"repeat","background-position":"center center","background-size":"auto","background-attachment":"scroll","background-type":"","background-media":"","overlay-type":"","overlay-color":"","overlay-opacity":"","overlay-gradient":""},"tablet":{"background-color":"","background-image":"","background-repeat":"repeat","background-position":"center center","background-size":"auto","background-attachment":"scroll","background-type":"","background-media":"","overlay-type":"","overlay-color":"","overlay-opacity":"","overlay-gradient":""},"mobile":{"background-color":"","background-image":"","background-repeat":"repeat","background-position":"center center","background-size":"auto","background-attachment":"scroll","background-type":"","background-media":"","overlay-type":"","overlay-color":"","overlay-opacity":"","overlay-gradient":""}},"ast-content-background-meta":{"desktop":{"background-color":"var(--ast-global-color-5)","background-image":"","background-repeat":"repeat","background-position":"center center","background-size":"auto","background-attachment":"scroll","background-type":"","background-media":"","overlay-type":"","overlay-color":"","overlay-opacity":"","overlay-gradient":""},"tablet":{"background-color":"var(--ast-global-color-5)","background-image":"","background-repeat":"repeat","background-position":"center center","background-size":"auto","background-attachment":"scroll","background-type":"","background-media":"","overlay-type":"","overlay-color":"","overlay-opacity":"","overlay-gradient":""},"mobile":{"background-color":"var(--ast-global-color-5)","background-image":"","background-repeat":"repeat","background-position":"center center","background-size":"auto","background-attachment":"scroll","background-type":"","background-media":"","overlay-type":"","overlay-color":"","overlay-opacity":"","overlay-gradient":""}}},"product_brand":[],"product_cat":[28],"product_tag":[],"class_list":{"0":"post-1555","1":"product","2":"type-product","3":"status-publish","4":"has-post-thumbnail","6":"product_cat-ksiazka","7":"desktop-align-center","8":"tablet-align-center","9":"mobile-align-center","11":"first","12":"instock","13":"taxable","14":"shipping-taxable","15":"purchasable","16":"product-type-simple"},"pbg_featured_image_src":{"full":["https:\/\/zonynieidealne.pl\/wp-content\/uploads\/2023\/08\/untitled-01144-1-1.jpg",2048,2048,false],"thumbnail":["https:\/\/zonynieidealne.pl\/wp-content\/uploads\/2023\/08\/untitled-01144-1-1-150x150.jpg",150,150,true],"medium":["https:\/\/zonynieidealne.pl\/wp-content\/uploads\/2023\/08\/untitled-01144-1-1-300x300.jpg",300,300,true],"medium_large":["https:\/\/zonynieidealne.pl\/wp-content\/uploads\/2023\/08\/untitled-01144-1-1-768x768.jpg",768,768,true],"large":["https:\/\/zonynieidealne.pl\/wp-content\/uploads\/2023\/08\/untitled-01144-1-1-1024x1024.jpg",1024,1024,true],"rpg_gallery_admin_thumb":["https:\/\/zonynieidealne.pl\/wp-content\/uploads\/2023\/08\/untitled-01144-1-1-150x150.jpg",150,150,true],"rpg_gallery_thumb":["https:\/\/zonynieidealne.pl\/wp-content\/uploads\/2023\/08\/untitled-01144-1-1-150x150.jpg",150,150,true],"1536x1536":["https:\/\/zonynieidealne.pl\/wp-content\/uploads\/2023\/08\/untitled-01144-1-1-1536x1536.jpg",1536,1536,true],"2048x2048":["https:\/\/zonynieidealne.pl\/wp-content\/uploads\/2023\/08\/untitled-01144-1-1.jpg",2048,2048,false],"trp-custom-language-flag":["https:\/\/zonynieidealne.pl\/wp-content\/uploads\/2023\/08\/untitled-01144-1-1.jpg",12,12,false],"woocommerce_thumbnail":["https:\/\/zonynieidealne.pl\/wp-content\/uploads\/2023\/08\/untitled-01144-1-1-300x300.jpg",300,300,true],"woocommerce_single":["https:\/\/zonynieidealne.pl\/wp-content\/uploads\/2023\/08\/untitled-01144-1-1-600x600.jpg",600,600,true],"woocommerce_gallery_thumbnail":["https:\/\/zonynieidealne.pl\/wp-content\/uploads\/2023\/08\/untitled-01144-1-1-100x100.jpg",100,100,true]},"pbg_author_info":{"display_name":"Milion87","author_link":"https:\/\/zonynieidealne.pl\/en\/author\/","author_img":"<img alt='Milion87' src='https:\/\/secure.gravatar.com\/avatar\/ed826da2ffa0bc2a28b4d75c84114688278e9d684f4f6bb6cac57c17f7d225dc?s=128&#038;d=mm&#038;r=g' srcset='https:\/\/secure.gravatar.com\/avatar\/ed826da2ffa0bc2a28b4d75c84114688278e9d684f4f6bb6cac57c17f7d225dc?s=256&#038;d=mm&#038;r=g 2x' class='avatar avatar-128 photo' height='128' width='128' decoding='async'\/>"},"pbg_comment_info":" No Comments","pbg_excerpt":"Nie warto walczy\u0107 z mi\u0142o\u015bci\u0105, walczy\u0107 trzeba o mi\u0142o\u015b\u0107! \u00a0 Dwie dziewczyny biegn\u0105 przez korytarz gimnazjum, trzymaj\u0105c si\u0119 za r\u0119ce. Z czu\u0142o\u015bci\u0105 dotykaj\u0105 swoich d\u0142oni, ciep\u0142o u\u015bmiechaj\u0105 si\u0119 do siebie. Przyjaci\u00f3\u0142ki? A mo\u017ce to pocz\u0105tek mi\u0142o\u015bci, tylko \u017cadna z nich jeszcze nie zdaje sobie z tego sprawy? Obie wiedz\u0105 natomiast, \u017ce jest w tej ich&hellip;","uagb_featured_image_src":{"full":["https:\/\/zonynieidealne.pl\/wp-content\/uploads\/2023\/08\/untitled-01144-1-1.jpg",2048,2048,false],"thumbnail":["https:\/\/zonynieidealne.pl\/wp-content\/uploads\/2023\/08\/untitled-01144-1-1-150x150.jpg",150,150,true],"medium":["https:\/\/zonynieidealne.pl\/wp-content\/uploads\/2023\/08\/untitled-01144-1-1-300x300.jpg",300,300,true],"medium_large":["https:\/\/zonynieidealne.pl\/wp-content\/uploads\/2023\/08\/untitled-01144-1-1-768x768.jpg",768,768,true],"large":["https:\/\/zonynieidealne.pl\/wp-content\/uploads\/2023\/08\/untitled-01144-1-1-1024x1024.jpg",1024,1024,true],"rpg_gallery_admin_thumb":["https:\/\/zonynieidealne.pl\/wp-content\/uploads\/2023\/08\/untitled-01144-1-1-150x150.jpg",150,150,true],"rpg_gallery_thumb":["https:\/\/zonynieidealne.pl\/wp-content\/uploads\/2023\/08\/untitled-01144-1-1-150x150.jpg",150,150,true],"1536x1536":["https:\/\/zonynieidealne.pl\/wp-content\/uploads\/2023\/08\/untitled-01144-1-1-1536x1536.jpg",1536,1536,true],"2048x2048":["https:\/\/zonynieidealne.pl\/wp-content\/uploads\/2023\/08\/untitled-01144-1-1.jpg",2048,2048,false],"trp-custom-language-flag":["https:\/\/zonynieidealne.pl\/wp-content\/uploads\/2023\/08\/untitled-01144-1-1.jpg",12,12,false],"woocommerce_thumbnail":["https:\/\/zonynieidealne.pl\/wp-content\/uploads\/2023\/08\/untitled-01144-1-1-300x300.jpg",300,300,true],"woocommerce_single":["https:\/\/zonynieidealne.pl\/wp-content\/uploads\/2023\/08\/untitled-01144-1-1-600x600.jpg",600,600,true],"woocommerce_gallery_thumbnail":["https:\/\/zonynieidealne.pl\/wp-content\/uploads\/2023\/08\/untitled-01144-1-1-100x100.jpg",100,100,true]},"uagb_author_info":{"display_name":"Milion87","author_link":"https:\/\/zonynieidealne.pl\/en\/author\/"},"uagb_comment_info":0,"uagb_excerpt":"Nie warto walczy\u0107 z mi\u0142o\u015bci\u0105, walczy\u0107 trzeba o mi\u0142o\u015b\u0107! \u00a0 Dwie dziewczyny biegn\u0105 przez korytarz gimnazjum, trzymaj\u0105c si\u0119 za r\u0119ce. Z czu\u0142o\u015bci\u0105 dotykaj\u0105 swoich d\u0142oni, ciep\u0142o u\u015bmiechaj\u0105 si\u0119 do siebie. Przyjaci\u00f3\u0142ki? A mo\u017ce to pocz\u0105tek mi\u0142o\u015bci, tylko \u017cadna z nich jeszcze nie zdaje sobie z tego sprawy? Obie wiedz\u0105 natomiast, \u017ce jest w tej ich&hellip;","jetpack_sharing_enabled":true,"_links":{"self":[{"href":"https:\/\/zonynieidealne.pl\/en\/wp-json\/wp\/v2\/product\/1555","targetHints":{"allow":["GET"]}}],"collection":[{"href":"https:\/\/zonynieidealne.pl\/en\/wp-json\/wp\/v2\/product"}],"about":[{"href":"https:\/\/zonynieidealne.pl\/en\/wp-json\/wp\/v2\/types\/product"}],"replies":[{"embeddable":true,"href":"https:\/\/zonynieidealne.pl\/en\/wp-json\/wp\/v2\/comments?post=1555"}],"wp:featuredmedia":[{"embeddable":true,"href":"https:\/\/zonynieidealne.pl\/en\/wp-json\/wp\/v2\/media\/1584"}],"wp:attachment":[{"href":"https:\/\/zonynieidealne.pl\/en\/wp-json\/wp\/v2\/media?parent=1555"}],"wp:term":[{"taxonomy":"product_brand","embeddable":true,"href":"https:\/\/zonynieidealne.pl\/en\/wp-json\/wp\/v2\/product_brand?post=1555"},{"taxonomy":"product_cat","embeddable":true,"href":"https:\/\/zonynieidealne.pl\/en\/wp-json\/wp\/v2\/product_cat?post=1555"},{"taxonomy":"product_tag","embeddable":true,"href":"https:\/\/zonynieidealne.pl\/en\/wp-json\/wp\/v2\/product_tag?post=1555"}],"curies":[{"name":"wp","href":"https:\/\/api.w.org\/{rel}","templated":true}]}}