{"id":1697,"date":"2023-08-10T12:13:39","date_gmt":"2023-08-10T10:13:39","guid":{"rendered":"https:\/\/zonynieidealne.pl\/zonynieidealne-copy\/"},"modified":"2025-10-09T09:36:24","modified_gmt":"2025-10-09T07:36:24","slug":"zlobek","status":"publish","type":"page","link":"https:\/\/zonynieidealne.pl\/en\/zlobek\/","title":{"rendered":"Zlobek"},"content":{"rendered":"\n<div class=\"wp-block-uagb-container uagb-block-6d6e7f05 alignfull uagb-is-root-container\"><div class=\"uagb-container-inner-blocks-wrap\">\n<div class=\"wp-block-uagb-advanced-heading uagb-block-603bffca\"><h1 class=\"uagb-heading-text\">\u017b\u0142obek<\/h1><\/div>\n<\/div><\/div>\n\n\n\n<div style=\"height:57px\" aria-hidden=\"true\" class=\"wp-block-spacer\"><\/div>\n\n\n\n<hr class=\"wp-block-separator has-css-opacity\"\/>\n\n\n\n<div class=\"wp-block-columns alignfull is-layout-flex wp-container-core-columns-is-layout-7387b849 wp-block-columns-is-layout-flex\">\n<div class=\"wp-block-column is-layout-flow wp-block-column-is-layout-flow\" style=\"flex-basis:50%\">\n<div class=\"wp-block-cover\" style=\"min-height:600px;aspect-ratio:unset;\"><img decoding=\"async\" width=\"1280\" height=\"872\" class=\"wp-block-cover__image-background wp-image-1701\" alt=\"children, brother, sister-2178857.jpg\" src=\"http:\/\/zonynieidealne.pl\/wp-content\/uploads\/2023\/08\/children-brother-sister-2178857.jpg\" data-object-fit=\"cover\" srcset=\"https:\/\/zonynieidealne.pl\/wp-content\/uploads\/2023\/08\/children-brother-sister-2178857.jpg 1280w, https:\/\/zonynieidealne.pl\/wp-content\/uploads\/2023\/08\/children-brother-sister-2178857-300x204.jpg 300w, https:\/\/zonynieidealne.pl\/wp-content\/uploads\/2023\/08\/children-brother-sister-2178857-1024x698.jpg 1024w, https:\/\/zonynieidealne.pl\/wp-content\/uploads\/2023\/08\/children-brother-sister-2178857-768x523.jpg 768w, https:\/\/zonynieidealne.pl\/wp-content\/uploads\/2023\/08\/children-brother-sister-2178857-600x409.jpg 600w\" sizes=\"(max-width: 1280px) 100vw, 1280px\" \/><span aria-hidden=\"true\" class=\"wp-block-cover__background has-background-dim\" style=\"background-color:#f6f6f6\"><\/span><div class=\"wp-block-cover__inner-container is-layout-flow wp-block-cover-is-layout-flow\">\n<figure class=\"wp-block-image aligncenter size-large is-resized\"><img decoding=\"async\" width=\"682\" height=\"1024\" src=\"http:\/\/zonynieidealne.pl\/wp-content\/uploads\/2023\/08\/kids-funny-tongue-4813443-682x1024.jpg\" alt=\"kids, funny, tongue-4813443.jpg\" class=\"wp-image-1702\" style=\"width:371px;height:423px\" srcset=\"https:\/\/zonynieidealne.pl\/wp-content\/uploads\/2023\/08\/kids-funny-tongue-4813443-682x1024.jpg 682w, https:\/\/zonynieidealne.pl\/wp-content\/uploads\/2023\/08\/kids-funny-tongue-4813443-200x300.jpg 200w, https:\/\/zonynieidealne.pl\/wp-content\/uploads\/2023\/08\/kids-funny-tongue-4813443-768x1152.jpg 768w, https:\/\/zonynieidealne.pl\/wp-content\/uploads\/2023\/08\/kids-funny-tongue-4813443-600x900.jpg 600w, https:\/\/zonynieidealne.pl\/wp-content\/uploads\/2023\/08\/kids-funny-tongue-4813443.jpg 853w\" sizes=\"(max-width: 682px) 100vw, 682px\" \/><\/figure>\n<\/div><\/div>\n<\/div>\n\n\n\n<div class=\"wp-block-column is-vertically-aligned-center is-layout-flow wp-block-column-is-layout-flow\" style=\"padding-top:1em;padding-right:1em;padding-bottom:1em;padding-left:1em\">\n<div class=\"wp-block-uagb-advanced-heading uagb-block-8e92b6c0\"><h2 class=\"uagb-heading-text\">Nasza misja<\/h2><\/div>\n\n\n\n<p class=\"has-text-align-center wp-block-paragraph\"><em><strong>Ot\u00f3\u017c nasz \u017c\u0142obek, to nie \u017c\u0142obek\u2026 to miejsce, kt\u00f3re tworzymy, z sercem tak jakby\u015bmy to tworzy\u0142y dla w\u0142asnego dziecka, ale zaraz\u2026 \u2013 przecie\u017c te wszystkie dzieci nasze s\u0105! \ud83d\ude09<\/strong><\/em><\/p>\n\n\n\n<p class=\"has-text-align-center wp-block-paragraph\"><em><strong>&nbsp;I to dla Nich w\u0142a\u015bnie staramy si\u0119 zawsze dawa\u0107 to co najlepsze! Jak przecie\u017c ka\u017cda Mama \ud83d\ude09<\/strong><\/em><\/p>\n<\/div>\n<\/div>\n\n\n\n<div style=\"height:100px\" aria-hidden=\"true\" class=\"wp-block-spacer\"><\/div>\n\n\n\n<h1 class=\"wp-block-heading has-text-align-center\" style=\"font-size:38px;line-height:1.4\"><strong>Drodzy rodzice&#8230;<\/strong><\/h1>\n\n\n\n<p class=\"has-text-align-center wp-block-paragraph\" style=\"padding-right:var(--wp--preset--spacing--40);padding-left:var(--wp--preset--spacing--40)\">Nazywamy si\u0119 Kasia i Magda. Powierzasz nam to, co najcenniejsze w Twoim \u017cyciu \u2013 swoje dziecko.&nbsp;<\/p>\n\n\n\n<p class=\"has-text-align-center wp-block-paragraph\" style=\"padding-right:var(--wp--preset--spacing--40);padding-left:var(--wp--preset--spacing--40)\"><strong>To zaufanie wiele dla nas znaczy, dlatego wa\u017cne jest, aby\u015bmy kr\u00f3tko przedstawili Pa\u0144stwu nasz\u0105 wizj\u0119.<\/strong><\/p>\n\n\n\n<p class=\"has-text-align-center wp-block-paragraph\" style=\"padding-right:var(--wp--preset--spacing--60);padding-left:var(--wp--preset--spacing--60)\">Nasza koncepcja odnosi si\u0119 do indywidualnej edukacji i wychowania zgodnie z podej\u015bciem sytuacyjnym dla dzieci w wieku od 0,3 do 3 lat. Oferujemy&nbsp;kompetentn\u0105 opiek\u0119, wsparcie i wczesny rozw\u00f3j dziecka dzieci za naszym po\u015brednictwem jako odpowiednio wyszkolonych, niezawodnych i konsekwentnych opiekun\u00f3w pracuj\u0105cych w zawodzie od 2014 roku. <\/p>\n\n\n\n<p class=\"has-text-align-center wp-block-paragraph\">Pe\u0142na zaufania i intensywna wsp\u00f3\u0142praca z Wami jako rodzicami jest dla nas bardzo wa\u017cna.<\/p>\n\n\n\n<p class=\"has-text-align-center wp-block-paragraph\" style=\"padding-right:var(--wp--preset--spacing--70);padding-left:var(--wp--preset--spacing--70)\">Tworzymy rodzinn\u0105 atmosfer\u0119 w naszym przedszkolu. Jest to mo\u017cliwe ze wzgl\u0119du na mo\u017cliw\u0105 do opanowania wielko\u015b\u0107 grupy maksymalnie 9 dzieci. Nasza plac\u00f3wka jest dostosowana do znajomego otoczenia dzieci i przypomina bardziej mieszkanie\/dom ni\u017c o\u015brodek opieki dziennej. W ten spos\u00f3b mo\u017cemy skoncentrowa\u0107 si\u0119 na ka\u017cdym dziecku, jego zainteresowaniach i priorytetach, a tym samym towarzyszy\u0107, promowa\u0107 i wzmacnia\u0107 je indywidualnie.<\/p>\n\n\n\n<p class=\"has-text-align-center wp-block-paragraph\" style=\"padding-right:var(--wp--preset--spacing--50);padding-left:var(--wp--preset--spacing--50)\">Kiedy dzieci wierz\u0105, \u017ce&nbsp;s\u0105 zdolne i&nbsp;samodzielne, odnosz\u0105 sukcesy i&nbsp;staraj\u0105 si\u0119 z&nbsp;wszystkich si\u0142 poprzez dzia\u0142anie.&nbsp;<br>My dok\u0142adamy wszelkich stara\u0144, aby da\u0107 dziecku poczucie odpowiedzialno\u015bci i&nbsp;zach\u0119ci\u0107 do&nbsp;bycia dumnym z&nbsp;robienia czego\u015b samemu.<br>Wierzymy, \u017ce&nbsp;inteligencja nie&nbsp;jest ustalona w&nbsp;momencie urodzin oraz&nbsp;\u017ce&nbsp;potencja\u0142 ludzki jest nieograniczony. Wiemy, \u017ce&nbsp;dzieci&nbsp;ucz\u0105 si\u0119 poprzez przyk\u0142ad, dlatego stosujemy pozytywne wspieranie, zach\u0119camy do&nbsp;robienia post\u0119p\u00f3w oraz&nbsp;zwracamy uwag\u0119&nbsp;na indywidualne wysi\u0142ki, jak r\u00f3wnie\u017c na&nbsp;poziom rozwoju.<br>W naszym \u017cyciu codziennym du\u017c\u0105 rol\u0119 odgrywa muzyka. uwa\u017camy, \u017ce nie tylko \u0142agodzi obyczaje i \u0142\u0105czy pokolenia, ale r\u00f3wnie\u017c mo\u017ce wyra\u017ca\u0107 t\u0119sknot\u0119,      b\u00f3l czy rado\u015b\u0107. Niweluj\u0105 napi\u0119cia, pozwalaj\u0105 tak\u017ce na o\u015bmielenie wycofanym dzieciom. Muzyka mo\u017ce tak\u017ce pobudza\u0107 uczucia o charakterze moralnym i spo\u0142ecznym, a co za tym idzie, uczy wsp\u00f3\u0142prze\u017cywania i kszta\u0142cenia zdolno\u015bci do empatii. Zatem nie da si\u0119 ukry\u0107, \u017ce rola muzyki w rozwoju dziecka jest nieoceniona. Dlatego jest z nami ka\u017cdego dnia \ud83d\ude09<\/p>\n\n\n\n<div class=\"inherit-container-width wp-block-group alignfull has-ast-global-color-4-background-color has-background is-layout-constrained wp-container-core-group-is-layout-0846b9ba wp-block-group-is-layout-constrained\" style=\"padding-top:6vw;padding-right:6vw;padding-bottom:6vw;padding-left:6vw\">\n<div style=\"height:14px\" aria-hidden=\"true\" class=\"wp-block-spacer\"><\/div>\n\n\n\n<div class=\"wp-block-uagb-advanced-heading uagb-block-f92d29a3\"><h2 class=\"uagb-heading-text\">O miejscu<\/h2><\/div>\n\n\n\n<div style=\"height:67px\" aria-hidden=\"true\" class=\"wp-block-spacer\"><\/div>\n\n\n\n<div class=\"wp-block-group alignwide is-vertical is-nowrap is-layout-flex wp-container-core-group-is-layout-d3fba8ef wp-block-group-is-layout-flex\" style=\"padding-top:0;padding-right:0;padding-bottom:0;padding-left:0\">\n<div class=\"wp-block-columns alignwide is-layout-flex wp-container-core-columns-is-layout-f184b86f wp-block-columns-is-layout-flex\">\n<div class=\"wp-block-column is-layout-flow wp-block-column-is-layout-flow\" style=\"flex-basis:33.38%\">\n<p class=\"has-text-align-center has-text-color wp-block-paragraph\" style=\"color:#000000;font-size:17px\">Du\u017cy \u017c\u0142obek (GTP) znajduje si\u0119 przy ulicy, <\/p>\n\n\n\n<p class=\"has-text-align-center has-text-color wp-block-paragraph\" style=\"color:#000000;font-size:17px\"><strong>Maasstr. 135 w Straelen.<\/strong><\/p>\n\n\n\n<p class=\"has-text-align-center has-text-color wp-block-paragraph\" style=\"color:#000000;font-size:17px\">Nasz GTP ma oko\u0142o 60 metr\u00f3w kwadratowych i znajduje si\u0119 na parterze domu wielorodzinnego. Wej\u015bcie znajduje si\u0119 z boku domu. Przed domem znajduj\u0105 si\u0119 miejsca parkingowe.<\/p>\n<\/div>\n\n\n\n<div class=\"wp-block-column is-layout-flow wp-block-column-is-layout-flow\" style=\"flex-basis:33%\">\n<div style=\"height:29px\" aria-hidden=\"true\" class=\"wp-block-spacer\"><\/div>\n\n\n\n<h3 class=\"wp-block-heading has-text-align-center has-medium-font-size\" style=\"font-style:normal;font-weight:600\"><strong>Opieka dzienna dzieli si\u0119 na:<\/strong><\/h3>\n\n\n\n<p class=\"wp-block-paragraph\"><\/p>\n\n\n\n<p class=\"has-text-align-center wp-block-paragraph\"><strong>Du\u017cy jasny pok\u00f3j gier<\/strong>.. W pokoju zabaw dost\u0119pne s\u0105 r\u00f3\u017cne materia\u0142y do zabawy. Jest k\u0105cik lalek i k\u0105cik budowlany, a tak\u017ce wiele r\u00f3\u017cnych gier, ksi\u0105\u017cek, puzzli.<\/p>\n\n\n\n<p class=\"has-text-align-center wp-block-paragraph\"><strong>Pok\u00f3j wypoczynkowy\/ sypialnia<\/strong>, w kt\u00f3rym znajduj\u0105 si\u0119 \u0142\u00f3\u017cka dzieci\u0119ce. Tutaj mo\u017cemy wsp\u00f3lnie wykonywa\u0107 spokojne czynno\u015bci, takie jak czytanie na g\u0142os lub ogl\u0105danie ksi\u0105\u017cek z obrazkami, w naszym k\u0105ciku znajduj\u0105 si\u0119 r\u00f3wnie\u017c przytulanki.<\/p>\n<\/div>\n\n\n\n<div class=\"wp-block-column is-layout-flow wp-block-column-is-layout-flow\" style=\"flex-basis:33.62%\">\n<figure class=\"wp-block-image size-full is-resized has-custom-border\"><img decoding=\"async\" width=\"1600\" height=\"900\" src=\"https:\/\/zonynieidealne.pl\/wp-content\/uploads\/2023\/08\/FEATURE_KidsBedroom.webp\" alt=\"\" class=\"wp-image-1707\" style=\"border-style:none;border-width:0px;border-radius:100px;object-fit:cover;width:289px;height:514px\" srcset=\"https:\/\/zonynieidealne.pl\/wp-content\/uploads\/2023\/08\/FEATURE_KidsBedroom.webp 1600w, https:\/\/zonynieidealne.pl\/wp-content\/uploads\/2023\/08\/FEATURE_KidsBedroom-300x169.webp 300w, https:\/\/zonynieidealne.pl\/wp-content\/uploads\/2023\/08\/FEATURE_KidsBedroom-1024x576.webp 1024w, https:\/\/zonynieidealne.pl\/wp-content\/uploads\/2023\/08\/FEATURE_KidsBedroom-768x432.webp 768w, https:\/\/zonynieidealne.pl\/wp-content\/uploads\/2023\/08\/FEATURE_KidsBedroom-1536x864.webp 1536w, https:\/\/zonynieidealne.pl\/wp-content\/uploads\/2023\/08\/FEATURE_KidsBedroom-600x338.webp 600w\" sizes=\"(max-width: 1600px) 100vw, 1600px\" \/><\/figure>\n<\/div>\n<\/div>\n\n\n\n<div class=\"wp-block-columns alignwide is-layout-flex wp-container-core-columns-is-layout-424ada6f wp-block-columns-is-layout-flex\">\n<div class=\"wp-block-column is-layout-flow wp-block-column-is-layout-flow\" style=\"flex-basis:69%\">\n<figure class=\"wp-block-image size-large\"><img decoding=\"async\" width=\"1024\" height=\"681\" src=\"http:\/\/zonynieidealne.pl\/wp-content\/uploads\/2023\/08\/kids-games-pillow-fight-5022349-1024x681.jpg\" alt=\"kids, games, pillow fight-5022349.jpg\" class=\"wp-image-1706\" srcset=\"https:\/\/zonynieidealne.pl\/wp-content\/uploads\/2023\/08\/kids-games-pillow-fight-5022349-1024x681.jpg 1024w, https:\/\/zonynieidealne.pl\/wp-content\/uploads\/2023\/08\/kids-games-pillow-fight-5022349-300x199.jpg 300w, https:\/\/zonynieidealne.pl\/wp-content\/uploads\/2023\/08\/kids-games-pillow-fight-5022349-768x511.jpg 768w, https:\/\/zonynieidealne.pl\/wp-content\/uploads\/2023\/08\/kids-games-pillow-fight-5022349-600x399.jpg 600w, https:\/\/zonynieidealne.pl\/wp-content\/uploads\/2023\/08\/kids-games-pillow-fight-5022349.jpg 1280w\" sizes=\"(max-width: 1024px) 100vw, 1024px\" \/><\/figure>\n<\/div>\n\n\n\n<div class=\"wp-block-column is-vertically-aligned-center is-layout-flow wp-block-column-is-layout-flow\" style=\"flex-basis:33%\">\n<p class=\"has-text-align-center wp-block-paragraph\"><strong>Przestronna kuchnia<\/strong>, kt\u00f3ra oferuje wystarczaj\u0105co du\u017co miejsca do przygotowywania posi\u0142k\u00f3w i przek\u0105sek.<strong><br><\/strong><\/p>\n\n\n\n<p class=\"has-text-align-center wp-block-paragraph\"><strong>\u0141azienka<\/strong>, w kt\u00f3rej znajduje si\u0119 toaleta z redukcj\u0105 deski sedesowej, umywalka, prysznic, przebieralnia na zam\u00f3wienie ze schodkami.<\/p>\n\n\n\n<p class=\"has-text-align-center wp-block-paragraph\"><strong>Du\u017cy teren zewn\u0119trzny \/ ogr\u00f3d<\/strong>, oferuje du\u017co miejsca do zabawy i odkrywania. W naszym ogrodzie znajduj\u0105 si\u0119 mi\u0119dzy innymi r\u00f3\u017cne urz\u0105dzenia do zabaw, du\u017ca piaskownica, pojazdy dla dzieci i zabawki z piasku. W naszym codziennym \u017cyciu b\u0119dziemy sp\u0119dza\u0107 du\u017co czasu na zewn\u0105trz, co da dzieciom mo\u017cliwo\u015b\u0107 prze\u017cycia swojej kreatywno\u015bci i ch\u0119ci poruszania si\u0119 i odkrywania. Ca\u0142y teren zewn\u0119trzny jest bezpiecznie ogrodzony.<\/p>\n<\/div>\n<\/div>\n<\/div>\n<\/div>\n\n\n\n<div class=\"wp-block-uagb-container uagb-block-cef7c610 alignfull uagb-is-root-container\"><div class=\"uagb-container-inner-blocks-wrap\">\n<div class=\"wp-block-uagb-container uagb-block-3739a02e\">\n<figure class=\"wp-block-image size-large\"><img decoding=\"async\" width=\"681\" height=\"1024\" src=\"http:\/\/zonynieidealne.pl\/wp-content\/uploads\/2023\/08\/DSC_7785-681x1024.jpg\" alt=\"\" class=\"wp-image-1635\" srcset=\"https:\/\/zonynieidealne.pl\/wp-content\/uploads\/2023\/08\/DSC_7785-681x1024.jpg 681w, https:\/\/zonynieidealne.pl\/wp-content\/uploads\/2023\/08\/DSC_7785-200x300.jpg 200w, https:\/\/zonynieidealne.pl\/wp-content\/uploads\/2023\/08\/DSC_7785-768x1154.jpg 768w, https:\/\/zonynieidealne.pl\/wp-content\/uploads\/2023\/08\/DSC_7785-1022x1536.jpg 1022w, https:\/\/zonynieidealne.pl\/wp-content\/uploads\/2023\/08\/DSC_7785-1363x2048.jpg 1363w, https:\/\/zonynieidealne.pl\/wp-content\/uploads\/2023\/08\/DSC_7785-600x902.jpg 600w, https:\/\/zonynieidealne.pl\/wp-content\/uploads\/2023\/08\/DSC_7785-scaled.jpg 1703w\" sizes=\"(max-width: 681px) 100vw, 681px\" \/><\/figure>\n<\/div>\n\n\n\n<div class=\"wp-block-uagb-container uagb-block-75395195\">\n<h3 class=\"wp-block-heading has-text-align-center has-large-font-size\"><strong>Nasze \u017cyczenia i oczekiwania <\/strong>wobec nas samych<\/h3>\n\n\n\n<p class=\"has-text-align-center wp-block-paragraph\">to wspieranie dzieci we wczesnym dzieci\u0144stwie tak intensywnie, z mi\u0142o\u015bci\u0105 i uznaniem, jak to tylko mo\u017cliwe. Wraz z ustanowieniem i otwarciem naszego (maksymalnie dziewi\u0119cioosobowego) du\u017cego o\u015brodka opieki dziennej, umo\u017cliwiamy naszym troskliwym rodzinom i nam indywidualne wspieranie dziecka, z nami jako niezawodnymi i konsekwentnymi opiekunami, z wystarczaj\u0105c\u0105 ilo\u015bci\u0105 czasu na ka\u017cd\u0105 indywidualn\u0105 potrzeb\u0119 i towarzyszy\u0107 ka\u017cdemu z jego etap\u00f3w rozwoju. Dajemy dzieciom uwag\u0119, bezpiecze\u0144stwo oraz przejrzysto\u015b\u0107, r\u00f3wnie\u017c poprzez powtarzaj\u0105c\u0105 si\u0119, strukturaln\u0105 codzienn\u0105 rutyn\u0119. Dzi\u0119ki temu bezpiecze\u0144stwu Twoje dziecko mo\u017ce sta\u0107 si\u0119 aktywne i stopniowo odkrywa\u0107 i podbija\u0107 \u015bwiat dla siebie.<\/p>\n<\/div>\n<\/div><\/div>\n\n\n\n<div style=\"height:100px\" aria-hidden=\"true\" class=\"wp-block-spacer\"><\/div>\n\n\n\n<div class=\"wp-block-uagb-container uagb-block-1af60596 alignfull uagb-is-root-container\"><div class=\"uagb-container-inner-blocks-wrap\">\n<h2 class=\"wp-block-heading has-text-align-center\">Skontaktuj si\u0119 z nami!<\/h2>\n<\/div><\/div>\n\n\n\n<div class=\"wp-block-uagb-container uagb-block-d5c1d65f alignfull uagb-is-root-container\"><div class=\"uagb-container-inner-blocks-wrap\"><div class=\"wpforms-container \" id=\"wpforms-17\"><form id=\"wpforms-form-17\" class=\"wpforms-validate wpforms-form\" data-formid=\"17\" method=\"post\" enctype=\"multipart\/form-data\" action=\"\/en\/wp-json\/wp\/v2\/pages\/1697\" data-token=\"174a36099d6d597a33a21ab0ace6601a\" data-token-time=\"1776522089\"><noscript class=\"wpforms-error-noscript\">Please enable JavaScript in your browser to complete this form.<\/noscript><div class=\"wpforms-field-container\"><div id=\"wpforms-17-field_0-container\" class=\"wpforms-field wpforms-field-name\" data-field-id=\"0\"><label class=\"wpforms-field-label wpforms-label-hide\" for=\"wpforms-17-field_0\">Imi\u0119 <span class=\"wpforms-required-label\">*<\/span><\/label><input type=\"text\" id=\"wpforms-17-field_0\" class=\"wpforms-field-large wpforms-field-required\" name=\"wpforms[fields][0]\" placeholder=\"Imi\u0119\" required><\/div><div id=\"wpforms-17-field_1-container\" class=\"wpforms-field wpforms-field-email\" data-field-id=\"1\"><label class=\"wpforms-field-label wpforms-label-hide\" for=\"wpforms-17-field_1\">Email <span class=\"wpforms-required-label\">*<\/span><\/label><input type=\"email\" id=\"wpforms-17-field_1\" class=\"wpforms-field-large wpforms-field-required\" name=\"wpforms[fields][1]\" placeholder=\"Adres email\" spellcheck=\"false\" required><\/div><div id=\"wpforms-17-field_2-container\" class=\"wpforms-field wpforms-field-textarea\" data-field-id=\"2\"><label class=\"wpforms-field-label wpforms-label-hide\" for=\"wpforms-17-field_2\">Wiadomo\u015b\u0107 <span class=\"wpforms-required-label\">*<\/span><\/label><textarea id=\"wpforms-17-field_2\" class=\"wpforms-field-medium wpforms-field-required\" name=\"wpforms[fields][2]\" placeholder=\"Jakie masz pytanie?\" required><\/textarea><\/div><\/div><!-- .wpforms-field-container --><div class=\"wpforms-submit-container\" ><input type=\"hidden\" name=\"wpforms[id]\" value=\"17\"><input type=\"hidden\" name=\"page_title\" value=\"\"><input type=\"hidden\" name=\"page_url\" value=\"https:\/\/zonynieidealne.pl\/en\/wp-json\/wp\/v2\/pages\/1697\"><input type=\"hidden\" name=\"url_referer\" value=\"\"><button type=\"submit\" name=\"wpforms[submit]\" id=\"wpforms-submit-17\" class=\"wpforms-submit\" data-alt-text=\"Wysy\u0142anie...\" data-submit-text=\"Wy\u015bij wiadomo\u015b\u0107\" aria-live=\"assertive\" value=\"wpforms-submit\">Wy\u015bij wiadomo\u015b\u0107<\/button><\/div><\/form><\/div>  <!-- .wpforms-container -->\n<\/div><\/div>\n","protected":false},"excerpt":{"rendered":"<p>\u017b\u0142obek Nasza misja Ot\u00f3\u017c nasz \u017c\u0142obek, to nie \u017c\u0142obek\u2026 to miejsce, kt\u00f3re tworzymy, z sercem tak jakby\u015bmy to tworzy\u0142y dla w\u0142asnego dziecka, ale zaraz\u2026 \u2013 przecie\u017c te wszystkie dzieci nasze s\u0105! \ud83d\ude09 &nbsp;I to dla Nich w\u0142a\u015bnie staramy si\u0119 zawsze dawa\u0107 to co najlepsze! Jak przecie\u017c ka\u017cda Mama \ud83d\ude09 Drodzy rodzice&#8230; Nazywamy si\u0119 Kasia i [&hellip;]<\/p>\n","protected":false},"author":1,"featured_media":0,"parent":0,"menu_order":0,"comment_status":"closed","ping_status":"closed","template":"","meta":{"_crdt_document":"","_uag_custom_page_level_css":"","site-sidebar-layout":"no-sidebar","site-content-layout":"page-builder","ast-site-content-layout":"full-width-container","site-content-style":"unboxed","site-sidebar-style":"unboxed","ast-global-header-display":"","ast-banner-title-visibility":"","ast-main-header-display":"","ast-hfb-above-header-display":"","ast-hfb-below-header-display":"","ast-hfb-mobile-header-display":"","site-post-title":"disabled","ast-breadcrumbs-content":"","ast-featured-img":"disabled","footer-sml-layout":"","theme-transparent-header-meta":"enabled","adv-header-id-meta":"","stick-header-meta":"","header-above-stick-meta":"","header-main-stick-meta":"","header-below-stick-meta":"","astra-migrate-meta-layouts":"set","ast-page-background-enabled":"default","ast-page-background-meta":{"desktop":{"background-color":"","background-image":"","background-repeat":"repeat","background-position":"center center","background-size":"auto","background-attachment":"scroll","background-type":"","background-media":"","overlay-type":"","overlay-color":"","overlay-opacity":"","overlay-gradient":""},"tablet":{"background-color":"","background-image":"","background-repeat":"repeat","background-position":"center center","background-size":"auto","background-attachment":"scroll","background-type":"","background-media":"","overlay-type":"","overlay-color":"","overlay-opacity":"","overlay-gradient":""},"mobile":{"background-color":"","background-image":"","background-repeat":"repeat","background-position":"center center","background-size":"auto","background-attachment":"scroll","background-type":"","background-media":"","overlay-type":"","overlay-color":"","overlay-opacity":"","overlay-gradient":""}},"ast-content-background-meta":{"desktop":{"background-color":"var(--ast-global-color-5)","background-image":"","background-repeat":"repeat","background-position":"center center","background-size":"auto","background-attachment":"scroll","background-type":"","background-media":"","overlay-type":"","overlay-color":"","overlay-opacity":"","overlay-gradient":""},"tablet":{"background-color":"var(--ast-global-color-5)","background-image":"","background-repeat":"repeat","background-position":"center center","background-size":"auto","background-attachment":"scroll","background-type":"","background-media":"","overlay-type":"","overlay-color":"","overlay-opacity":"","overlay-gradient":""},"mobile":{"background-color":"var(--ast-global-color-5)","background-image":"","background-repeat":"repeat","background-position":"center center","background-size":"auto","background-attachment":"scroll","background-type":"","background-media":"","overlay-type":"","overlay-color":"","overlay-opacity":"","overlay-gradient":""}},"footnotes":""},"class_list":["post-1697","page","type-page","status-publish","hentry"],"pbg_featured_image_src":{"full":false,"thumbnail":false,"medium":false,"medium_large":false,"large":false,"rpg_gallery_admin_thumb":false,"rpg_gallery_thumb":false,"1536x1536":false,"2048x2048":false,"trp-custom-language-flag":false,"woocommerce_thumbnail":false,"woocommerce_single":false,"woocommerce_gallery_thumbnail":false},"pbg_author_info":{"display_name":"Milion87","author_link":"https:\/\/zonynieidealne.pl\/en\/author\/milion87\/","author_img":"<img alt='Milion87' src='https:\/\/secure.gravatar.com\/avatar\/ed826da2ffa0bc2a28b4d75c84114688278e9d684f4f6bb6cac57c17f7d225dc?s=128&#038;d=mm&#038;r=g' srcset='https:\/\/secure.gravatar.com\/avatar\/ed826da2ffa0bc2a28b4d75c84114688278e9d684f4f6bb6cac57c17f7d225dc?s=256&#038;d=mm&#038;r=g 2x' class='avatar avatar-128 photo' height='128' width='128' decoding='async'\/>"},"pbg_comment_info":" No Comments","pbg_excerpt":"\u017b\u0142obek Nasza misja Ot\u00f3\u017c nasz \u017c\u0142obek, to nie \u017c\u0142obek\u2026 to miejsce, kt\u00f3re tworzymy, z sercem tak jakby\u015bmy to tworzy\u0142y dla w\u0142asnego dziecka, ale zaraz\u2026 \u2013 przecie\u017c te wszystkie dzieci nasze s\u0105! \ud83d\ude09 &nbsp;I to dla Nich w\u0142a\u015bnie staramy si\u0119 zawsze dawa\u0107 to co najlepsze! Jak przecie\u017c ka\u017cda Mama \ud83d\ude09 Drodzy rodzice&#8230; Nazywamy si\u0119 Kasia i&hellip;","uagb_featured_image_src":{"full":false,"thumbnail":false,"medium":false,"medium_large":false,"large":false,"rpg_gallery_admin_thumb":false,"rpg_gallery_thumb":false,"1536x1536":false,"2048x2048":false,"trp-custom-language-flag":false,"woocommerce_thumbnail":false,"woocommerce_single":false,"woocommerce_gallery_thumbnail":false},"uagb_author_info":{"display_name":"Milion87","author_link":"https:\/\/zonynieidealne.pl\/en\/author\/milion87\/"},"uagb_comment_info":0,"uagb_excerpt":"\u017b\u0142obek Nasza misja Ot\u00f3\u017c nasz \u017c\u0142obek, to nie \u017c\u0142obek\u2026 to miejsce, kt\u00f3re tworzymy, z sercem tak jakby\u015bmy to tworzy\u0142y dla w\u0142asnego dziecka, ale zaraz\u2026 \u2013 przecie\u017c te wszystkie dzieci nasze s\u0105! \ud83d\ude09 &nbsp;I to dla Nich w\u0142a\u015bnie staramy si\u0119 zawsze dawa\u0107 to co najlepsze! Jak przecie\u017c ka\u017cda Mama \ud83d\ude09 Drodzy rodzice&#8230; Nazywamy si\u0119 Kasia i&hellip;","jetpack_sharing_enabled":true,"_links":{"self":[{"href":"https:\/\/zonynieidealne.pl\/en\/wp-json\/wp\/v2\/pages\/1697","targetHints":{"allow":["GET"]}}],"collection":[{"href":"https:\/\/zonynieidealne.pl\/en\/wp-json\/wp\/v2\/pages"}],"about":[{"href":"https:\/\/zonynieidealne.pl\/en\/wp-json\/wp\/v2\/types\/page"}],"author":[{"embeddable":true,"href":"https:\/\/zonynieidealne.pl\/en\/wp-json\/wp\/v2\/users\/1"}],"replies":[{"embeddable":true,"href":"https:\/\/zonynieidealne.pl\/en\/wp-json\/wp\/v2\/comments?post=1697"}],"version-history":[{"count":69,"href":"https:\/\/zonynieidealne.pl\/en\/wp-json\/wp\/v2\/pages\/1697\/revisions"}],"predecessor-version":[{"id":3173,"href":"https:\/\/zonynieidealne.pl\/en\/wp-json\/wp\/v2\/pages\/1697\/revisions\/3173"}],"wp:attachment":[{"href":"https:\/\/zonynieidealne.pl\/en\/wp-json\/wp\/v2\/media?parent=1697"}],"curies":[{"name":"wp","href":"https:\/\/api.w.org\/{rel}","templated":true}]}}